{"id":4353,"date":"2018-04-07T15:26:43","date_gmt":"2018-04-07T13:26:43","guid":{"rendered":"http:\/\/www.lenocidifeo.com\/en\/?page_id=4353"},"modified":"2022-01-29T10:58:30","modified_gmt":"2022-01-29T09:58:30","slug":"cookie-policy","status":"publish","type":"page","link":"https:\/\/lenocidifeo.com\/en\/cookie-policy\/","title":{"rendered":"Cookie policy"},"content":{"rendered":"<div class=\"uk-margin-medium\">\n<p><strong>Cookie Policy del sito www.lenocidifeo.com<br \/>\n<\/strong><\/p>\n<p>Questa informativa sull\u2019utilizzo dei cookie sul sito web www.lenocidifeo.com costituisce parte integrante della\u00a0<a href=\"\/privacy-policy\/\">Privacy Policy<\/a>, a cui si rimanda per i dettagli relativi al Titolare del Trattamento e ai Diritti dell\u2019Interessato,\u00a0 \u00e8 resa all\u2019utente in attuazione del provvedimento del Garante per la protezione dei dati personali dell\u20198 maggio 2014 \u201cIndividuazione delle modalit\u00e0 semplificate per l\u2019informativa e l\u2019acquisizione del consenso per l\u2019uso dei cookie\u201d (cd. Informativa Estesa,\u00a0<a href=\"http:\/\/www.garanteprivacy.it\/web\/guest\/home\/docweb\/-\/docweb-display\/docweb\/3118884\">art. 4.2 del provvedimento<\/a>) e nel rispetto dell\u2019art. 13 del Codice privacy (D.Lgs. n. 196\/2003).<\/p>\n<p><strong>Cosa sono i Cookies<br \/>\n<\/strong>I cookie sono stringhe di testo di piccola dimensione che un sito web pu\u00f2 inviare, durante la navigazione, al\u00a0 dispositivo dell\u2019utente (sia esso un pc, un notebook, uno smartphone, un tablet; di norma sono conservati direttamente sul browser utilizzato per la navigazione). Lo stesso sito web che li ha trasmessi, poi pu\u00f2 leggere e registrare i cookie che si trovano sullo stesso dispositivo per ottenere informazioni di vario tipo. (v.\u00a0<a href=\"http:\/\/it.wikipedia.org\/wiki\/Cookie\">http:\/\/it.wikipedia.org\/wiki\/Cookie<\/a>)<\/p>\n<p><strong>Principali categorie di Cookies<br \/>\n<\/strong>La norma (art. 1 del provvedimento) individua due macro-categorie di cookies: Tecnici e Profilazione.<\/p>\n<p><b>Cookie tecnici<br \/>\n<\/b>I cookie tecnici sono quelli utilizzati al solo fine di \u201ceffettuare la trasmissione di una comunicazione su una rete di comunicazione elettronica, o nella misura strettamente necessaria al fornitore di un servizio della societ\u00e0 dell\u2019informazione esplicitamente richiesto dall\u2019abbonato o dall\u2019utente a erogare tale servizio\u201d (cfr. art. 122, comma 1, del Codice).<\/p>\n<p>Essi non vengono utilizzati per scopi ulteriori e sono normalmente installati direttamente dal titolare o gestore del sito web. Possono essere suddivisi in cookie di navigazione o di sessione, che garantiscono la normale navigazione e fruizione del sito web (permettendo, ad esempio, di realizzare un acquisto o autenticarsi per accedere ad aree riservate); cookie analytics, assimilati ai cookie tecnici laddove utilizzati direttamente dal gestore del sito per raccogliere informazioni, in forma aggregata, sul numero degli utenti e su come questi visitano il sito stesso; cookie di funzionalit\u00e0, che permettono all\u2019utente la navigazione in funzione di una serie di criteri selezionati (ad esempio, la lingua, i prodotti selezionati per l\u2019acquisto) al fine di migliorare il servizio reso allo stesso.<\/p>\n<p>Per l\u2019installazione di tali cookie non \u00e8 richiesto il preventivo consenso degli utenti, mentre resta fermo l\u2019obbligo di dare l\u2019informativa ai sensi dell\u2019art. 13 del Codice, che il gestore del sito, qualora utilizzi soltanto tali dispositivi, potr\u00e0 fornire con le modalit\u00e0 che ritiene pi\u00f9 idonee.<\/p>\n<p><b>Cookie di profilazione<\/b>.<br \/>\nI cookie di profilazione sono volti a creare profili relativi all\u2019utente e vengono utilizzati al fine di inviare messaggi pubblicitari in linea con le preferenze manifestate dallo stesso nell\u2019ambito della navigazione in rete. In ragione della particolare invasivit\u00e0 che tali dispositivi possono avere nell\u2019ambito della sfera privata degli utenti, la normativa europea e italiana prevede che l\u2019utente debba essere adeguatamente informato sull\u2019uso degli stessi ed esprimere cos\u00ec il proprio valido consenso.<\/p>\n<p>Ad essi si riferisce l\u2019art. 122 del Codice laddove prevede che \u201cl\u2019archiviazione delle informazioni nell\u2019apparecchio terminale di un contraente o di un utente o l\u2019accesso a informazioni gi\u00e0 archiviate sono consentiti unicamente a condizione che il contraente o l\u2019utente abbia espresso il proprio consenso dopo essere stato informato con le modalit\u00e0 semplificate di cui all\u2019articolo 13, comma 3\u2033 (art. 122, comma 1, del Codice).<\/p>\n<p>Nell\u2019ambito di queste categorie, \u00e8 poi opportuno specificare la differenza tra<\/p>\n<p>\u2013\u00a0<b>cookie di prima parte<\/b>\u00a0(first-part cookie) ossia cookie generati e gestiti direttamente dal soggetto gestore del sito web sul quale l\u2019utente sta navigando (il sito che state visitando)<br \/>\n\u2013\u00a0<b>cookie di terza parte<\/b>\u00a0(third-part cookie), i quali sono generati e gestiti da soggetti diversi dal gestore del sito web sul quale l\u2019utente sta navigando (ad esempio servizi terzi che vengono \u201cinclusi\u201d nel sito che state visitando: AdSense, YouTube, Google+, Maps, pulsanti di condivisione social, eccetera)<\/p>\n<p>e infine le differenze tra<br \/>\n\u2013\u00a0<b>cookie di sessione<\/b>, i quali vengono cancellati immediatamente alla chiusura del browser di navigazione<br \/>\n\u2013\u00a0<b>cookie persistenti<\/b>, i quali rimangono all\u2019interno del browser per un determinato periodo di tempo. Sono utilizzati, ad esempio, per riconoscere il dispositivo che si collega al sito agevolando le operazioni di autenticazione per l\u2019utente.<\/p>\n<p><strong>Gestione dei cookies da parte dell\u2019utente<br \/>\n<\/strong>E\u2019 possibile rimuovere i cookie esistenti e bloccare l\u2019installazione di nuovi cookie anche mediante le impostazioni del browser. Se gli utenti\/visitatori vogliono decidere di volta in volta se accettare o meno i cookie, possono anche configurare il proprio browser affinch\u00e9 generi un avviso ogni volta che viene salvato un cookie. Naturalmente, rifiutando l\u2019uso dei cookies (soprattutto per quanto riguarda i cookies tecnici), alcune sezioni dei siti che visitate potrebbero non funzionare correttamente, o non funzionare affatto.<\/p>\n<p>L\u2019utente ha la facolt\u00e0 di gestire i cookies anche attraverso l\u2019ausilio di servizi esterni gratuiti, come\u00a0\u00a0<a href=\"http:\/\/www.youronlinechoices.com\/it\/le-tue-scelte\">www.youronlinechoices.com<\/a>, attraverso il quale \u00e8 possibile un opt-out selettivo per i principali cookies utilizzati sul web, oppure attraverso l\u2019opzione\u00a0<a href=\"http:\/\/donottrack.us\/\">Do Not Track<\/a>, prevista dai principali browser.<\/p>\n<p>I browser prevedono anche la possibilit\u00e0 di bloccare esclusivamente i cookies di terze parti, accettando solo quelli propri del sito. La procedura per la gestione dei cookie \u00e8 diversa per ciascun browser. Si riportano di seguito le istruzioni per i browser pi\u00f9 diffusi<\/p>\n<p><b>Google Chrome<br \/>\n<\/b>Gestire i cookie tramite le impostazioni del browser:\u00a0<a href=\"http:\/\/www.google.it\/intl\/it\/policies\/technologies\/managing\/\">http:\/\/www.google.it\/intl\/it\/policies\/technologies\/managing\/<\/a>.<br \/>\nAttivare la modalit\u00e0 di navigazione in incognito:\u00a0<a href=\"https:\/\/support.google.com\/chrome\/answer\/95464?hl=it\">https:\/\/support.google.com\/chrome\/answer\/95464?hl=it<\/a>.<br \/>\nEliminare i cookie, bloccarli eventualmente anche in modo selettivo, ricevere alert sulle tue impostazioni relative ai cookie:\u00a0<a href=\"https:\/\/support.google.com\/chrome\/answer\/95647?hl=it\">https:\/\/support.google.com\/chrome\/answer\/95647?hl=it<\/a>.<\/p>\n<p><b>Internet Explorer<br \/>\n<\/b>Gestire i cookie, eliminarli, bloccarli, selezionarli tramite le impostazioni del browser:\u00a0<a href=\"http:\/\/windows.microsoft.com\/it-it\/internet-explorer\/delete-manage-cookies#ie=ie-11-win-7\">http:\/\/windows.microsoft.com\/it-it\/internet-explorer\/delete-manage-cookies#ie=ie-11-win-7<\/a>.<\/p>\n<p><b>Firefox<br \/>\n<\/b>Gestire i cookie tramite le impostazioni del browser:\u00a0<a href=\"https:\/\/support.mozilla.org\/it\/kb\/Gestione%20dei%20cookie\">https:\/\/support.mozilla.org\/it\/kb\/Gestione%20dei%20cookie<\/a>.<br \/>\nGestire il pannello delle impostazioni privacy e inibire il tracciamento delle tue attivit\u00e0 in rete:\u00a0<a href=\"https:\/\/support.mozilla.org\/it\/kb\/Impostazioni%20di%20Firefox%20-%20pannello%20Privacy\">https:\/\/support.mozilla.org\/it\/kb\/Impostazioni%20di%20Firefox%20-%20pannello%20Privacy<\/a>.<br \/>\nEliminare i cookie:\u00a0<a href=\"https:\/\/support.mozilla.org\/it\/kb\/Eliminare%20i%20cookie\">https:\/\/support.mozilla.org\/it\/kb\/Eliminare%20i%20cookie<\/a>.<br \/>\nBloccare i cookie:\u00a0<a href=\"https:\/\/support.mozilla.org\/it\/kb\/Bloccare%20i%20cookie\">https:\/\/support.mozilla.org\/it\/kb\/Bloccare%20i%20cookie<\/a>.<br \/>\nDisattivare solo i cookie di terza parte:\u00a0<a href=\"https:\/\/support.mozilla.org\/it\/kb\/Disattivare%20i%20cookie%20di%20terze%20parti\">https:\/\/support.mozilla.org\/it\/kb\/Disattivare%20i%20cookie%20di%20terze%20parti<\/a>.<\/p>\n<p>&nbsp;<\/p>\n<p><strong>Descrizione dei cookie presenti in questo sito<\/strong><\/p>\n<div class=\"cky-audit-table-element\"><\/div>\n<p>Utilizziamo cookie di analisi, attraverso Google Analytics anonimizzato, per ottenere dati di accesso al sito a livello anonimo ed aggregato. La norma prevede che in caso di anonimizzazione del dato questi cookies rientrino nella categoria \u201ctecnici\u201d.<\/p>\n<p>Questi cookies possono essere disabilitati, anche selettivamente, mediante le procedure indicate nella sezione superiore. Il consenso pu\u00f2 essere modificato in qualsiasi momento tramite la funzione <a class=\"cky-banner-element\">Impostazioni dei Cookie<\/a><br \/>\npresente in basso a destra in ogni pagina del sito.<\/p>\n<p>Ultimo aggiornamento di questa pagina: 10 gennaio 2022<\/p>\n<\/div>\n","protected":false},"excerpt":{"rendered":"<p>Cookie Policy del sito www.lenocidifeo.com Questa informativa sull\u2019utilizzo dei cookie sul sito web www.lenocidifeo.com costituisce parte integrante della\u00a0Privacy Policy, a [&hellip;]<\/p>\n","protected":false},"author":1,"featured_media":0,"parent":0,"menu_order":0,"comment_status":"closed","ping_status":"closed","template":"","meta":{"footnotes":""},"class_list":["post-4353","page","type-page","status-publish","hentry"],"yoast_head":"<!-- This site is optimized with the Yoast SEO plugin v27.3 - https:\/\/yoast.com\/product\/yoast-seo-wordpress\/ -->\n<title>Cookie policy - Bed and Breakfast Le Noci di Feo Modena<\/title>\n<meta name=\"robots\" content=\"index, follow, max-snippet:-1, max-image-preview:large, max-video-preview:-1\" \/>\n<link rel=\"canonical\" href=\"https:\/\/lenocidifeo.com\/en\/cookie-policy\/\" \/>\n<meta property=\"og:locale\" content=\"en_US\" \/>\n<meta property=\"og:type\" content=\"article\" \/>\n<meta property=\"og:title\" content=\"Cookie policy - Bed and Breakfast Le Noci di Feo Modena\" \/>\n<meta property=\"og:description\" content=\"Cookie Policy del sito www.lenocidifeo.com Questa informativa sull\u2019utilizzo dei cookie sul sito web www.lenocidifeo.com costituisce parte integrante della\u00a0Privacy Policy, a [&hellip;]\" \/>\n<meta property=\"og:url\" content=\"https:\/\/lenocidifeo.com\/en\/cookie-policy\/\" \/>\n<meta property=\"og:site_name\" content=\"Bed and Breakfast Le Noci di Feo Modena\" \/>\n<meta property=\"article:modified_time\" content=\"2022-01-29T09:58:30+00:00\" \/>\n<meta name=\"twitter:card\" content=\"summary_large_image\" \/>\n<meta name=\"twitter:label1\" content=\"Est. reading time\" \/>\n\t<meta name=\"twitter:data1\" content=\"6 minutes\" \/>\n<script type=\"application\/ld+json\" class=\"yoast-schema-graph\">{\"@context\":\"https:\\\/\\\/schema.org\",\"@graph\":[{\"@type\":\"WebPage\",\"@id\":\"https:\\\/\\\/lenocidifeo.com\\\/en\\\/cookie-policy\\\/\",\"url\":\"https:\\\/\\\/lenocidifeo.com\\\/en\\\/cookie-policy\\\/\",\"name\":\"Cookie policy - Bed and Breakfast Le Noci di Feo Modena\",\"isPartOf\":{\"@id\":\"https:\\\/\\\/lenocidifeo.com\\\/#website\"},\"datePublished\":\"2018-04-07T13:26:43+00:00\",\"dateModified\":\"2022-01-29T09:58:30+00:00\",\"breadcrumb\":{\"@id\":\"https:\\\/\\\/lenocidifeo.com\\\/en\\\/cookie-policy\\\/#breadcrumb\"},\"inLanguage\":\"en-US\",\"potentialAction\":[{\"@type\":\"ReadAction\",\"target\":[\"https:\\\/\\\/lenocidifeo.com\\\/en\\\/cookie-policy\\\/\"]}]},{\"@type\":\"BreadcrumbList\",\"@id\":\"https:\\\/\\\/lenocidifeo.com\\\/en\\\/cookie-policy\\\/#breadcrumb\",\"itemListElement\":[{\"@type\":\"ListItem\",\"position\":1,\"name\":\"Home\",\"item\":\"https:\\\/\\\/lenocidifeo.com\\\/en\\\/\"},{\"@type\":\"ListItem\",\"position\":2,\"name\":\"Cookie policy\"}]},{\"@type\":\"WebSite\",\"@id\":\"https:\\\/\\\/lenocidifeo.com\\\/#website\",\"url\":\"https:\\\/\\\/lenocidifeo.com\\\/\",\"name\":\"Bed and Breakfast Le Noci di Feo Modena\",\"description\":\"Bed &amp; Breakfast a Modena\",\"publisher\":{\"@id\":\"https:\\\/\\\/lenocidifeo.com\\\/#organization\"},\"potentialAction\":[{\"@type\":\"SearchAction\",\"target\":{\"@type\":\"EntryPoint\",\"urlTemplate\":\"https:\\\/\\\/lenocidifeo.com\\\/?s={search_term_string}\"},\"query-input\":{\"@type\":\"PropertyValueSpecification\",\"valueRequired\":true,\"valueName\":\"search_term_string\"}}],\"inLanguage\":\"en-US\"},{\"@type\":\"Organization\",\"@id\":\"https:\\\/\\\/lenocidifeo.com\\\/#organization\",\"name\":\"Bed and Breakfast Le Noci di Feo Modena\",\"url\":\"https:\\\/\\\/lenocidifeo.com\\\/\",\"logo\":{\"@type\":\"ImageObject\",\"inLanguage\":\"en-US\",\"@id\":\"https:\\\/\\\/lenocidifeo.com\\\/#\\\/schema\\\/logo\\\/image\\\/\",\"url\":\"https:\\\/\\\/lenocidifeo.com\\\/wp-content\\\/uploads\\\/2019\\\/10\\\/cropped-nuovo-250.jpg\",\"contentUrl\":\"https:\\\/\\\/lenocidifeo.com\\\/wp-content\\\/uploads\\\/2019\\\/10\\\/cropped-nuovo-250.jpg\",\"width\":250,\"height\":100,\"caption\":\"Bed and Breakfast Le Noci di Feo Modena\"},\"image\":{\"@id\":\"https:\\\/\\\/lenocidifeo.com\\\/#\\\/schema\\\/logo\\\/image\\\/\"}}]}<\/script>\n<!-- \/ Yoast SEO plugin. -->","yoast_head_json":{"title":"Cookie policy - Bed and Breakfast Le Noci di Feo Modena","robots":{"index":"index","follow":"follow","max-snippet":"max-snippet:-1","max-image-preview":"max-image-preview:large","max-video-preview":"max-video-preview:-1"},"canonical":"https:\/\/lenocidifeo.com\/en\/cookie-policy\/","og_locale":"en_US","og_type":"article","og_title":"Cookie policy - Bed and Breakfast Le Noci di Feo Modena","og_description":"Cookie Policy del sito www.lenocidifeo.com Questa informativa sull\u2019utilizzo dei cookie sul sito web www.lenocidifeo.com costituisce parte integrante della\u00a0Privacy Policy, a [&hellip;]","og_url":"https:\/\/lenocidifeo.com\/en\/cookie-policy\/","og_site_name":"Bed and Breakfast Le Noci di Feo Modena","article_modified_time":"2022-01-29T09:58:30+00:00","twitter_card":"summary_large_image","twitter_misc":{"Est. reading time":"6 minutes"},"schema":{"@context":"https:\/\/schema.org","@graph":[{"@type":"WebPage","@id":"https:\/\/lenocidifeo.com\/en\/cookie-policy\/","url":"https:\/\/lenocidifeo.com\/en\/cookie-policy\/","name":"Cookie policy - Bed and Breakfast Le Noci di Feo Modena","isPartOf":{"@id":"https:\/\/lenocidifeo.com\/#website"},"datePublished":"2018-04-07T13:26:43+00:00","dateModified":"2022-01-29T09:58:30+00:00","breadcrumb":{"@id":"https:\/\/lenocidifeo.com\/en\/cookie-policy\/#breadcrumb"},"inLanguage":"en-US","potentialAction":[{"@type":"ReadAction","target":["https:\/\/lenocidifeo.com\/en\/cookie-policy\/"]}]},{"@type":"BreadcrumbList","@id":"https:\/\/lenocidifeo.com\/en\/cookie-policy\/#breadcrumb","itemListElement":[{"@type":"ListItem","position":1,"name":"Home","item":"https:\/\/lenocidifeo.com\/en\/"},{"@type":"ListItem","position":2,"name":"Cookie policy"}]},{"@type":"WebSite","@id":"https:\/\/lenocidifeo.com\/#website","url":"https:\/\/lenocidifeo.com\/","name":"Bed and Breakfast Le Noci di Feo Modena","description":"Bed &amp; Breakfast a Modena","publisher":{"@id":"https:\/\/lenocidifeo.com\/#organization"},"potentialAction":[{"@type":"SearchAction","target":{"@type":"EntryPoint","urlTemplate":"https:\/\/lenocidifeo.com\/?s={search_term_string}"},"query-input":{"@type":"PropertyValueSpecification","valueRequired":true,"valueName":"search_term_string"}}],"inLanguage":"en-US"},{"@type":"Organization","@id":"https:\/\/lenocidifeo.com\/#organization","name":"Bed and Breakfast Le Noci di Feo Modena","url":"https:\/\/lenocidifeo.com\/","logo":{"@type":"ImageObject","inLanguage":"en-US","@id":"https:\/\/lenocidifeo.com\/#\/schema\/logo\/image\/","url":"https:\/\/lenocidifeo.com\/wp-content\/uploads\/2019\/10\/cropped-nuovo-250.jpg","contentUrl":"https:\/\/lenocidifeo.com\/wp-content\/uploads\/2019\/10\/cropped-nuovo-250.jpg","width":250,"height":100,"caption":"Bed and Breakfast Le Noci di Feo Modena"},"image":{"@id":"https:\/\/lenocidifeo.com\/#\/schema\/logo\/image\/"}}]}},"_links":{"self":[{"href":"https:\/\/lenocidifeo.com\/en\/wp-json\/wp\/v2\/pages\/4353","targetHints":{"allow":["GET"]}}],"collection":[{"href":"https:\/\/lenocidifeo.com\/en\/wp-json\/wp\/v2\/pages"}],"about":[{"href":"https:\/\/lenocidifeo.com\/en\/wp-json\/wp\/v2\/types\/page"}],"author":[{"embeddable":true,"href":"https:\/\/lenocidifeo.com\/en\/wp-json\/wp\/v2\/users\/1"}],"replies":[{"embeddable":true,"href":"https:\/\/lenocidifeo.com\/en\/wp-json\/wp\/v2\/comments?post=4353"}],"version-history":[{"count":4,"href":"https:\/\/lenocidifeo.com\/en\/wp-json\/wp\/v2\/pages\/4353\/revisions"}],"predecessor-version":[{"id":6118,"href":"https:\/\/lenocidifeo.com\/en\/wp-json\/wp\/v2\/pages\/4353\/revisions\/6118"}],"wp:attachment":[{"href":"https:\/\/lenocidifeo.com\/en\/wp-json\/wp\/v2\/media?parent=4353"}],"curies":[{"name":"wp","href":"https:\/\/api.w.org\/{rel}","templated":true}]}}